{"id":6644,"date":"2024-09-18T20:39:29","date_gmt":"2024-09-18T18:39:29","guid":{"rendered":"https:\/\/sfc.com\/legal-notice\/"},"modified":"2025-08-27T09:10:00","modified_gmt":"2025-08-27T07:10:00","slug":"legal-notice","status":"publish","type":"page","link":"https:\/\/spainfilmcommission.com\/en\/legal-notice\/","title":{"rendered":"Legal Notice"},"content":{"rendered":"\t\t<div data-elementor-type=\"wp-page\" data-elementor-id=\"6644\" class=\"elementor elementor-6644 elementor-4150\" data-elementor-post-type=\"page\">\n\t\t\t\t<div class=\"elementor-element elementor-element-de3d02c e-flex e-con-boxed e-con e-parent\" data-id=\"de3d02c\" data-element_type=\"container\" data-e-type=\"container\">\n\t\t\t\t\t<div class=\"e-con-inner\">\n\t\t\t\t\t<\/div>\n\t\t\t\t<\/div>\n\t\t<div class=\"elementor-element elementor-element-d36d41f e-flex e-con-boxed e-con e-parent\" data-id=\"d36d41f\" data-element_type=\"container\" data-e-type=\"container\">\n\t\t\t\t\t<div class=\"e-con-inner\">\n\t\t\t\t<div class=\"elementor-element elementor-element-5c39480 elementor-widget elementor-widget-text-editor\" data-id=\"5c39480\" data-element_type=\"widget\" data-e-type=\"widget\" data-widget_type=\"text-editor.default\">\n\t\t\t\t<div class=\"elementor-widget-container\">\n\t\t\t\t\t\t\t\t\t<h3 class=\"legal-h3\">Owner&#8217;s details<\/h3>\n<ul>\n<li>Name: Asociaci\u00f3n Espa\u00f1ola de Comisionados de Filmaciones, Cine y Televisi\u00f3n \/ Spain Film Commission<\/li>\n<li>Address: <span style=\"font-weight: 400;\">Plaza Mayor, 1 &#8211; 47001 Valladolid (Spain)<\/span><\/li>\n<li>Spanish Tax ID No. (CIF): G91136770<\/li>\n<li>Tel: +34 <span style=\"font-weight: 400;\">608 146 351<\/span><\/li>\n<li>Email: <a class=\"legal-a\" href=\"mailto:coordinacion@spainfilmcommission.org\" target=\"_blank\" rel=\"noopener\">coordinacion@spainfilmcommission.org <\/a><\/li>\n<li>Listed in the Spanish National Registry of Associations under national number 168752 since 17th December 2001<\/li>\n<\/ul>\n<h3 class=\"legal-h3\">General terms and conditions of use<\/h3>\n<p>These General Terms and Conditions regulate the use (including mere access) of the pages comprising THE WEBSITE, including the content and services available therein. All persons accessing THE WEBSITE agree to be bound by the General Terms and Conditions in force at any given time thereon. <\/p>\n<h3 class=\"legal-h3\">Personal data we collect and manner of collection<\/h3>\n<p>Read the <a class=\"legal-a\" href=\"https:\/\/www.shootinginspain.info\/\/es\/politica-de-privacidad\" target=\"_blank\" rel=\"noopener\">Private Policy<\/a><\/p>\n<h3 class=\"legal-h3\">Obligations and undertakings<\/h3>\n<p>Users are hereby informed and accept that under no circumstances does access to THE WEBSITE imply the beginning of a commercial relationship with Spain Film Commission. In this sense, users undertake to use THE WEBSITE, its services and contents without contravening the legislation in force, good faith and public order. <\/p>\n<ul>\n<li>Its reproduction, distribution or modification, in whole or in part, without the authorisation of the legitimate owners.<\/li>\n<li>Any infringement of the rights of the provider or of the legitimate owners.<\/li>\n<li>Use thereof for commercial or advertising purposes.<\/li>\n<\/ul>\n<h3 class=\"legal-h3\">Security measures<\/h3>\n<p>The personal data provided by users to Spain Film Commission may be stored on automated or non-automated databases, whose ownership corresponds exclusively to Spain Film Commission, which assumes all technical, organisational and security measures that guarantee the confidentiality, integrity and quality of the information contained therein in accordance with the provisions of the data protection regulations in force.<\/p>\n<h3 class=\"legal-h3\">Complaints<\/h3>\n<p>Users may submit complaints by sending an e-mail to <a class=\"legal-a\" href=\"mailto:coordinacion@spainfilmcommission.org\" target=\"_blank\" rel=\"noopener\">coordinacion@spainfilmcommission.org<\/a> indicating their name and surname, the service purchased and stating the reasons for their complaint.<\/p>\n<h3 class=\"legal-h3\">Conflict resolution platform<\/h3>\n<p>For your interest, you may also use the European Commission\u2019s dispute resolution platform to submit your complaints, which is available <a class=\"legal-a\" href=\"http:\/\/ec.europa.eu\/consumers\/odr\/\" target=\"_blank\" rel=\"noopener\">here<\/a>.<\/p>\n<h3 class=\"legal-h3\">Intellectual and industrial property rights<\/h3>\n<p>By virtue of the provisions of the Intellectual Property Law, the reproduction, distribution and public communication, including making available all or part of the contents of THE WEBSITE for commercial purposes, in any medium and by any technical means, without the authorisation of Spain Film Commission, are expressly prohibited.<\/p>\n<h3 class=\"legal-h3\">External links<\/h3>\n<p>THE WEBSITE provides links to other websites and content owned by third parties such as:<\/p>\n<ul>\n<li>Content from other blogs.<\/li>\n<li>Tools.<\/li>\n<li>Resources.<\/li>\n<\/ul>\n<h3 class=\"legal-h3\">Exclusion of warranties and liabilities<\/h3>\n<ul>\n<li>The lack of availability, maintenance and effective functioning of THE WEBSITE, its services or contents.<\/li>\n<li>The existence of viruses, malicious or harmful programs in the contents.<\/li>\n<li>Illegal, negligent, fraudulent use or use contrary to this Legal Notice.<\/li>\n<li>The lack of legality, quality, reliability, usefulness and availability of the services provided by third parties and made available to users on THE WEBSITE.<\/li>\n<li>Damage that may arise from the illegal or improper use of THE WEBSITE.<\/li>\n<\/ul>\n<h3 class=\"legal-h3\">Applicable law and jurisdiction<\/h3>\n<p>As a general rule, relations between Spain Film Commission and the users of its online services on THE WEBSITE are subject to Spanish legislation and jurisdiction and to the courts of Navarra.<\/p>\n<h3 class=\"legal-h3\">Contact<\/h3>\n<p>In the event of any queries regarding these Legal Terms and Conditions or comments about THE WEBSITE, users should write to <a class=\"legal-a\" href=\"mailto:coordinacion@spainfilmcommission.org\" target=\"_blank\" rel=\"noopener\">coordinacion@spainfilmcommission.org<\/a><\/p>\n<p class=\"legal-right\"><em>Last updated on 22 May 2018<\/em><\/p>\n\t\t\t\t\t\t\t\t<\/div>\n\t\t\t\t<\/div>\n\t\t\t\t\t<\/div>\n\t\t\t\t<\/div>\n\t\t\t\t<\/div>\n\t\t","protected":false},"excerpt":{"rendered":"<p>Owner&#8217;s details Name: Asociaci\u00f3n Espa\u00f1ola de Comisionados de Filmaciones, Cine y Televisi\u00f3n \/ Spain Film Commission Address: Plaza Mayor, 1 &#8211; 47001 Valladolid (Spain) Spanish Tax ID No. (CIF): G91136770 [&hellip;]<\/p>\n","protected":false},"author":2,"featured_media":0,"parent":0,"menu_order":0,"comment_status":"closed","ping_status":"closed","template":"","meta":{"footnotes":""},"class_list":["post-6644","page","type-page","status-publish","hentry"],"yoast_head":"<!-- This site is optimized with the Yoast SEO plugin v27.3 - https:\/\/yoast.com\/product\/yoast-seo-wordpress\/ -->\n<title>Legal Notice | Rights, obligations and terms of use<\/title>\n<meta name=\"description\" content=\"Here we detail who we are, how you can use this site and our liability limitations. Clear and accessible legal information.\" \/>\n<meta name=\"robots\" content=\"index, follow, max-snippet:-1, max-image-preview:large, max-video-preview:-1\" \/>\n<link rel=\"canonical\" href=\"https:\/\/spainfilmcommission.com\/en\/legal-notice\/\" \/>\n<meta property=\"og:locale\" content=\"en_US\" \/>\n<meta property=\"og:type\" content=\"article\" \/>\n<meta property=\"og:title\" content=\"Legal Notice | Rights, obligations and terms of use\" \/>\n<meta property=\"og:description\" content=\"Here we detail who we are, how you can use this site and our liability limitations. Clear and accessible legal information.\" \/>\n<meta property=\"og:url\" content=\"https:\/\/spainfilmcommission.com\/en\/legal-notice\/\" \/>\n<meta property=\"og:site_name\" content=\"Spain Film Commission\" \/>\n<meta property=\"article:modified_time\" content=\"2025-08-27T07:10:00+00:00\" \/>\n<meta name=\"twitter:card\" content=\"summary_large_image\" \/>\n<meta name=\"twitter:label1\" content=\"Est. reading time\" \/>\n\t<meta name=\"twitter:data1\" content=\"3 minutes\" \/>\n<script type=\"application\/ld+json\" class=\"yoast-schema-graph\">{\"@context\":\"https:\\\/\\\/schema.org\",\"@graph\":[{\"@type\":\"WebPage\",\"@id\":\"https:\\\/\\\/spainfilmcommission.com\\\/en\\\/legal-notice\\\/\",\"url\":\"https:\\\/\\\/spainfilmcommission.com\\\/en\\\/legal-notice\\\/\",\"name\":\"Legal Notice | Rights, obligations and terms of use\",\"isPartOf\":{\"@id\":\"https:\\\/\\\/spainfilmcommission.com\\\/en\\\/#website\"},\"datePublished\":\"2024-09-18T18:39:29+00:00\",\"dateModified\":\"2025-08-27T07:10:00+00:00\",\"description\":\"Here we detail who we are, how you can use this site and our liability limitations. Clear and accessible legal information.\",\"breadcrumb\":{\"@id\":\"https:\\\/\\\/spainfilmcommission.com\\\/en\\\/legal-notice\\\/#breadcrumb\"},\"inLanguage\":\"en-US\",\"potentialAction\":[{\"@type\":\"ReadAction\",\"target\":[\"https:\\\/\\\/spainfilmcommission.com\\\/en\\\/legal-notice\\\/\"]}]},{\"@type\":\"BreadcrumbList\",\"@id\":\"https:\\\/\\\/spainfilmcommission.com\\\/en\\\/legal-notice\\\/#breadcrumb\",\"itemListElement\":[{\"@type\":\"ListItem\",\"position\":1,\"name\":\"Portada\",\"item\":\"https:\\\/\\\/spainfilmcommission.com\\\/en\\\/\"},{\"@type\":\"ListItem\",\"position\":2,\"name\":\"Legal Notice\"}]},{\"@type\":\"WebSite\",\"@id\":\"https:\\\/\\\/spainfilmcommission.com\\\/en\\\/#website\",\"url\":\"https:\\\/\\\/spainfilmcommission.com\\\/en\\\/\",\"name\":\"Spain Film Commission\",\"description\":\"\",\"publisher\":{\"@id\":\"https:\\\/\\\/spainfilmcommission.com\\\/en\\\/#organization\"},\"potentialAction\":[{\"@type\":\"SearchAction\",\"target\":{\"@type\":\"EntryPoint\",\"urlTemplate\":\"https:\\\/\\\/spainfilmcommission.com\\\/en\\\/?s={search_term_string}\"},\"query-input\":{\"@type\":\"PropertyValueSpecification\",\"valueRequired\":true,\"valueName\":\"search_term_string\"}}],\"inLanguage\":\"en-US\"},{\"@type\":\"Organization\",\"@id\":\"https:\\\/\\\/spainfilmcommission.com\\\/en\\\/#organization\",\"name\":\"Spain Film Commission\",\"url\":\"https:\\\/\\\/spainfilmcommission.com\\\/en\\\/\",\"logo\":{\"@type\":\"ImageObject\",\"inLanguage\":\"en-US\",\"@id\":\"https:\\\/\\\/spainfilmcommission.com\\\/en\\\/#\\\/schema\\\/logo\\\/image\\\/\",\"url\":\"https:\\\/\\\/spainfilmcommission.com\\\/wp-content\\\/uploads\\\/2024\\\/07\\\/SPC_COLOR.png\",\"contentUrl\":\"https:\\\/\\\/spainfilmcommission.com\\\/wp-content\\\/uploads\\\/2024\\\/07\\\/SPC_COLOR.png\",\"width\":1665,\"height\":1665,\"caption\":\"Spain Film Commission\"},\"image\":{\"@id\":\"https:\\\/\\\/spainfilmcommission.com\\\/en\\\/#\\\/schema\\\/logo\\\/image\\\/\"}}]}<\/script>\n<!-- \/ Yoast SEO plugin. -->","yoast_head_json":{"title":"Legal Notice | Rights, obligations and terms of use","description":"Here we detail who we are, how you can use this site and our liability limitations. Clear and accessible legal information.","robots":{"index":"index","follow":"follow","max-snippet":"max-snippet:-1","max-image-preview":"max-image-preview:large","max-video-preview":"max-video-preview:-1"},"canonical":"https:\/\/spainfilmcommission.com\/en\/legal-notice\/","og_locale":"en_US","og_type":"article","og_title":"Legal Notice | Rights, obligations and terms of use","og_description":"Here we detail who we are, how you can use this site and our liability limitations. Clear and accessible legal information.","og_url":"https:\/\/spainfilmcommission.com\/en\/legal-notice\/","og_site_name":"Spain Film Commission","article_modified_time":"2025-08-27T07:10:00+00:00","twitter_card":"summary_large_image","twitter_misc":{"Est. reading time":"3 minutes"},"schema":{"@context":"https:\/\/schema.org","@graph":[{"@type":"WebPage","@id":"https:\/\/spainfilmcommission.com\/en\/legal-notice\/","url":"https:\/\/spainfilmcommission.com\/en\/legal-notice\/","name":"Legal Notice | Rights, obligations and terms of use","isPartOf":{"@id":"https:\/\/spainfilmcommission.com\/en\/#website"},"datePublished":"2024-09-18T18:39:29+00:00","dateModified":"2025-08-27T07:10:00+00:00","description":"Here we detail who we are, how you can use this site and our liability limitations. Clear and accessible legal information.","breadcrumb":{"@id":"https:\/\/spainfilmcommission.com\/en\/legal-notice\/#breadcrumb"},"inLanguage":"en-US","potentialAction":[{"@type":"ReadAction","target":["https:\/\/spainfilmcommission.com\/en\/legal-notice\/"]}]},{"@type":"BreadcrumbList","@id":"https:\/\/spainfilmcommission.com\/en\/legal-notice\/#breadcrumb","itemListElement":[{"@type":"ListItem","position":1,"name":"Portada","item":"https:\/\/spainfilmcommission.com\/en\/"},{"@type":"ListItem","position":2,"name":"Legal Notice"}]},{"@type":"WebSite","@id":"https:\/\/spainfilmcommission.com\/en\/#website","url":"https:\/\/spainfilmcommission.com\/en\/","name":"Spain Film Commission","description":"","publisher":{"@id":"https:\/\/spainfilmcommission.com\/en\/#organization"},"potentialAction":[{"@type":"SearchAction","target":{"@type":"EntryPoint","urlTemplate":"https:\/\/spainfilmcommission.com\/en\/?s={search_term_string}"},"query-input":{"@type":"PropertyValueSpecification","valueRequired":true,"valueName":"search_term_string"}}],"inLanguage":"en-US"},{"@type":"Organization","@id":"https:\/\/spainfilmcommission.com\/en\/#organization","name":"Spain Film Commission","url":"https:\/\/spainfilmcommission.com\/en\/","logo":{"@type":"ImageObject","inLanguage":"en-US","@id":"https:\/\/spainfilmcommission.com\/en\/#\/schema\/logo\/image\/","url":"https:\/\/spainfilmcommission.com\/wp-content\/uploads\/2024\/07\/SPC_COLOR.png","contentUrl":"https:\/\/spainfilmcommission.com\/wp-content\/uploads\/2024\/07\/SPC_COLOR.png","width":1665,"height":1665,"caption":"Spain Film Commission"},"image":{"@id":"https:\/\/spainfilmcommission.com\/en\/#\/schema\/logo\/image\/"}}]}},"_links":{"self":[{"href":"https:\/\/spainfilmcommission.com\/en\/wp-json\/wp\/v2\/pages\/6644","targetHints":{"allow":["GET"]}}],"collection":[{"href":"https:\/\/spainfilmcommission.com\/en\/wp-json\/wp\/v2\/pages"}],"about":[{"href":"https:\/\/spainfilmcommission.com\/en\/wp-json\/wp\/v2\/types\/page"}],"author":[{"embeddable":true,"href":"https:\/\/spainfilmcommission.com\/en\/wp-json\/wp\/v2\/users\/2"}],"replies":[{"embeddable":true,"href":"https:\/\/spainfilmcommission.com\/en\/wp-json\/wp\/v2\/comments?post=6644"}],"version-history":[{"count":0,"href":"https:\/\/spainfilmcommission.com\/en\/wp-json\/wp\/v2\/pages\/6644\/revisions"}],"wp:attachment":[{"href":"https:\/\/spainfilmcommission.com\/en\/wp-json\/wp\/v2\/media?parent=6644"}],"curies":[{"name":"wp","href":"https:\/\/api.w.org\/{rel}","templated":true}]}}