{"id":4951,"date":"2024-09-12T14:22:23","date_gmt":"2024-09-12T12:22:23","guid":{"rendered":"https:\/\/sfc.com\/contact\/"},"modified":"2024-10-21T08:41:25","modified_gmt":"2024-10-21T06:41:25","slug":"contact","status":"publish","type":"page","link":"https:\/\/spainfilmcommission.com\/en\/contact\/","title":{"rendered":"Contact"},"content":{"rendered":"\t\t<div data-elementor-type=\"wp-page\" data-elementor-id=\"4951\" class=\"elementor elementor-4951 elementor-3013\" data-elementor-post-type=\"page\">\n\t\t\t\t<div class=\"elementor-element elementor-element-4d5f240 e-con-full elementor-hidden-desktop elementor-hidden-tablet elementor-hidden-mobile e-flex e-con e-parent\" data-id=\"4d5f240\" data-element_type=\"container\" data-e-type=\"container\" data-settings=\"{&quot;background_background&quot;:&quot;classic&quot;}\">\n\t\t\t\t<div class=\"elementor-element elementor-element-3560bf1 elementor-invisible elementor-widget elementor-widget-image\" data-id=\"3560bf1\" data-element_type=\"widget\" data-e-type=\"widget\" data-settings=\"{&quot;_animation&quot;:&quot;fadeIn&quot;}\" data-widget_type=\"image.default\">\n\t\t\t\t<div class=\"elementor-widget-container\">\n\t\t\t\t\t\t\t\t\t\t\t\t\t\t\t<img decoding=\"async\" width=\"277\" height=\"161\" src=\"https:\/\/spainfilmcommission.com\/wp-content\/uploads\/2024\/09\/SPC-SECUNDARIOCLAIM_BLANCO-2.png\" class=\"attachment-full size-full wp-image-832\" alt=\"\" \/>\t\t\t\t\t\t\t\t\t\t\t\t\t\t\t<\/div>\n\t\t\t\t<\/div>\n\t\t\t\t<\/div>\n\t\t<div class=\"elementor-element elementor-element-de3d02c e-flex e-con-boxed e-con e-parent\" data-id=\"de3d02c\" data-element_type=\"container\" data-e-type=\"container\">\n\t\t\t\t\t<div class=\"e-con-inner\">\n\t\t\t\t<div class=\"elementor-element elementor-element-d64ed55 elementor-widget__width-initial contact-info elementor-invisible elementor-widget elementor-widget-text-editor\" data-id=\"d64ed55\" data-element_type=\"widget\" data-e-type=\"widget\" data-settings=\"{&quot;_animation&quot;:&quot;fadeIn&quot;}\" data-widget_type=\"text-editor.default\">\n\t\t\t\t<div class=\"elementor-widget-container\">\n\t\t\t\t\t\t\t\t\t<div>For any questions or doubts, you can contact the Spain Film Commission at <a href=\"mailto:coordinacion@spainfilmcommission.org\">coordinacion@spainfilmcommission.org<\/a> or call +34 608 146 351.<\/div>\n<div>For questions related to Spain Film Commission&#8217;s communications, please write to <a href=\"mailto:coordinacion@spainfilmcommission.org\">comunicacion@spainfilmcommission.org<\/a> or call +34 673 102 904.<\/div>\n<div> <\/div>\n<div>If you wish to add a private location to our database, we recommend you contact the nearest film commission or film office. You can consult our members network at the following <a href=\"http:\/\/www.shootinginspain.info\/es\/red-spain-film-commission\">link<\/a>.<\/div>\n\t\t\t\t\t\t\t\t<\/div>\n\t\t\t\t<\/div>\n\t\t\t\t\t<\/div>\n\t\t\t\t<\/div>\n\t\t<div class=\"elementor-element elementor-element-50b4755 e-flex e-con-boxed e-con e-parent\" data-id=\"50b4755\" data-element_type=\"container\" data-e-type=\"container\">\n\t\t\t\t\t<div class=\"e-con-inner\">\n\t\t\t\t<div class=\"elementor-element elementor-element-ea2b907 elementor-widget elementor-widget-image\" data-id=\"ea2b907\" data-element_type=\"widget\" data-e-type=\"widget\" data-widget_type=\"image.default\">\n\t\t\t\t<div class=\"elementor-widget-container\">\n\t\t\t\t\t\t\t\t\t\t\t\t\t\t\t<img decoding=\"async\" width=\"89\" height=\"44\" src=\"https:\/\/spainfilmcommission.com\/wp-content\/uploads\/2024\/09\/Vector-1.png\" class=\"attachment-large size-large wp-image-706\" alt=\"\" \/>\t\t\t\t\t\t\t\t\t\t\t\t\t\t\t<\/div>\n\t\t\t\t<\/div>\n\t\t\t\t\t<\/div>\n\t\t\t\t<\/div>\n\t\t<div class=\"elementor-element elementor-element-bd72c28 e-flex e-con-boxed e-con e-parent\" data-id=\"bd72c28\" data-element_type=\"container\" data-e-type=\"container\">\n\t\t\t\t\t<div class=\"e-con-inner\">\n\t\t\t\t<div class=\"elementor-element elementor-element-d09f4fc elementor-widget__width-initial contact-form elementor-widget elementor-widget-wp-widget-forminator_widget\" data-id=\"d09f4fc\" data-element_type=\"widget\" data-e-type=\"widget\" data-widget_type=\"wp-widget-forminator_widget.default\">\n\t\t\t\t<div class=\"elementor-widget-container\">\n\t\t\t\t\t<div class=\"forminator-ui forminator-custom-form forminator-custom-form-3021 forminator-design--material forminator-enclosed forminator_ajax\" data-forminator-render=\"0\" data-form=\"forminator-module-3021\" data-uid=\"69d2a137c50b6\"><br\/><\/div><form\n\t\t\t\tid=\"forminator-module-3021\"\n\t\t\t\tclass=\"forminator-ui forminator-custom-form forminator-custom-form-3021 forminator-design--material forminator-enclosed forminator_ajax\"\n\t\t\t\tmethod=\"post\"\n\t\t\t\tdata-forminator-render=\"0\"\n\t\t\t\tdata-form-id=\"3021\"\n\t\t\t\t data-color-option=\"default\" data-design=\"material\" data-grid=\"enclosed\" style=\"display: none;\"\n\t\t\t\tdata-uid=\"69d2a137c50b6\"\n\t\t\t><div role=\"alert\" aria-live=\"polite\" class=\"forminator-response-message forminator-error\" aria-hidden=\"true\"><\/div><div class=\"forminator-row\"><div id=\"name-1\" class=\"forminator-field-name forminator-col forminator-col-6 \"><div class=\"forminator-field\"><label for=\"forminator-field-name-1_69d2a137c50b6\" id=\"forminator-field-name-1_69d2a137c50b6-label\" class=\"forminator-label\">Nombre y apellidos <span class=\"forminator-required\">*<\/span><\/label><input type=\"text\" name=\"name-1\" value=\"\" placeholder=\"\" id=\"forminator-field-name-1_69d2a137c50b6\" class=\"forminator-input forminator-name--field\" aria-required=\"true\" autocomplete=\"name\" \/><\/div><\/div><div id=\"email-1\" class=\"forminator-field-email forminator-col forminator-col-6 \"><div class=\"forminator-field\"><label for=\"forminator-field-email-1_69d2a137c50b6\" id=\"forminator-field-email-1_69d2a137c50b6-label\" class=\"forminator-label\">Correo electr\u00f3nico <span class=\"forminator-required\">*<\/span><\/label><input type=\"email\" name=\"email-1\" value=\"\" placeholder=\"\" id=\"forminator-field-email-1_69d2a137c50b6\" class=\"forminator-input forminator-email--field\" data-required=\"true\" aria-required=\"true\" autocomplete=\"email\" \/><\/div><\/div><\/div><div class=\"forminator-row\"><div id=\"phone-1\" class=\"forminator-field-phone forminator-col forminator-col-6 \"><div class=\"forminator-field\"><label for=\"forminator-field-phone-1_69d2a137c50b6\" id=\"forminator-field-phone-1_69d2a137c50b6-label\" class=\"forminator-label\">N\u00famero de tel\u00e9fono <span class=\"forminator-required\">*<\/span><\/label><input type=\"text\" name=\"phone-1\" value=\"\" placeholder=\"\" id=\"forminator-field-phone-1_69d2a137c50b6\" class=\"forminator-input forminator-field--phone\" data-required=\"1\" aria-required=\"true\" autocomplete=\"off\" data-national_mode=\"disabled\" data-country=\"es\" data-validation=\"international\" \/><\/div><\/div><div id=\"text-1\" class=\"forminator-field-text forminator-col forminator-col-6 \"><div class=\"forminator-field\"><label for=\"forminator-field-text-1_69d2a137c50b6\" id=\"forminator-field-text-1_69d2a137c50b6-label\" class=\"forminator-label\">Empresa <span class=\"forminator-required\">*<\/span><\/label><input type=\"text\" name=\"text-1\" value=\"\" placeholder=\"\" id=\"forminator-field-text-1_69d2a137c50b6\" class=\"forminator-input forminator-name--field\" data-required=\"1\" \/><\/div><\/div><\/div><div class=\"forminator-row\"><div id=\"select-1\" class=\"forminator-field-select forminator-col forminator-col-6 \"><div class=\"forminator-field\"><label for=\"forminator-form-3021__field--select-1_69d2a137c50b6\" id=\"forminator-form-3021__field--select-1_69d2a137c50b6-label\" class=\"forminator-label\">Tipo de proyecto <span class=\"forminator-required\">*<\/span><\/label><select  id=\"forminator-form-3021__field--select-1_69d2a137c50b6\" class=\"forminator-select--field forminator-select2 forminator-select2-multiple\" data-required=\"1\" name=\"select-1\" data-default-value=\"\" data-hidden-behavior=\"zero\" data-placeholder=\"Seleccione el tipo de proyecto\" data-search=\"false\" data-search-placeholder=\"Seleccione el tipo de proyecto\" data-checkbox=\"false\" data-allow-clear=\"false\" aria-labelledby=\"forminator-form-3021__field--select-1_69d2a137c50b6-label\"><option value=\"\"  >Seleccione el tipo de proyecto<\/option><option value=\"Documental\"  data-calculation=\"0\">Documental<\/option><option value=\"Publicidad\"  data-calculation=\"0\">Publicidad<\/option><option value=\"Largometraje\"  data-calculation=\"0\">Largometraje<\/option><option value=\"Cortometraje\"  data-calculation=\"0\">Cortometraje<\/option><option value=\"Otros\"  data-calculation=\"0\">Otros<\/option><\/select><\/div><\/div><div id=\"textarea-1\" class=\"forminator-field-textarea forminator-col forminator-col-6 \"><div class=\"forminator-field\"><label for=\"forminator-field-textarea-1_69d2a137c50b6\" id=\"forminator-field-textarea-1_69d2a137c50b6-label\" class=\"forminator-label\">Mensaje <span class=\"forminator-required\">*<\/span><\/label><textarea name=\"textarea-1\" placeholder=\"Introduce tu mensaje...\" id=\"forminator-field-textarea-1_69d2a137c50b6\" class=\"forminator-textarea\" rows=\"6\" style=\"min-height:140px;\" maxlength=\"180\" ><\/textarea><span id=\"forminator-field-textarea-1_69d2a137c50b6-description\" class=\"forminator-description\"><span data-limit=\"180\" data-type=\"characters\" data-editor=\"\">0 \/ 180<\/span><\/span><\/div><\/div><\/div><div class=\"forminator-row\"><div id=\"consent-1\" class=\"forminator-field-consent forminator-col forminator-col-12 \"><div class=\"forminator-field\"><div class=\"forminator-checkbox__wrapper\"><label id=\"forminator-field-consent-1_69d2a137c50b6__label\" class=\"forminator-checkbox forminator-consent\" aria-labelledby=\"forminator-field-consent-1_69d2a137c50b6-label\"><input type=\"checkbox\" name=\"consent-1\" id=\"forminator-field-consent-1_69d2a137c50b6\" value=\"checked\" aria-labelledby=\"forminator-field-consent-1_69d2a137c50b6-label\" aria-describedby=\"forminator-field-consent-1_69d2a137c50b6__description\" data-required=\"true\" aria-required=\"true\" \/><span class=\"forminator-checkbox-box\" aria-hidden=\"true\"><\/span><\/label><div id=\"forminator-field-consent-1_69d2a137c50b6__description\" class=\"forminator-checkbox__label forminator-consent__label\"><p>He le\u00eddo y acepto el <a href=\"\/aviso-legal\">aviso legal<\/a> y la <a href=\"https:\/\/spainfilmcommission.com\/\/politica-de-privacidad\">pol\u00edtica de privacidad<\/a><\/p><\/div><\/div><\/div><\/div><\/div><div class=\"forminator-row\"><div id=\"html-1\" class=\"forminator-field-html forminator-col forminator-col-12 \"><div class=\"forminator-field forminator-merge-tags\" data-field=\"html-1\"><div><p><b>INFORMACI\u00d3N B\u00c1SICA SOBRE PROTECCI\u00d3N DE DATOS<\/b><\/p><ul><li><u>Responsable<\/u>: Spain Film Commission<\/li><li><u>Finalidad<\/u>: Responder a la solicitud de informaci\u00f3n planteada por el interesado\/a.<\/li><li><u>Legitimaci\u00f3n<\/u>: Consentimiento del interesado.<\/li><li><u>Destinatarios<\/u>: Los datos no se ceder\u00e1n a terceros salvo obligaci\u00f3n legal o que la cesi\u00f3n sea necesaria para el cumplimiento de la finalidad.<\/li><li><u>Derechos<\/u>: A acceder, rectificar y suprimir los datos, as\u00ed como otros derechos detallados en la informaci\u00f3n adicional.<\/li><li><u>Informaci\u00f3n adicional<\/u>: Puede consultar la informaci\u00f3n adicional y detallada sobre Protecci\u00f3n de Datos <a target=\"_blank\" href=\"es\/politica-de-privacidad\">aqu\u00ed<\/a>.<\/li><\/ul>\t\t\t\t\t\t\t<\/div><\/div><\/div><\/div><div class=\"forminator-row\" style=\"margin: 0;\"><div id=\"captcha-1\" class=\"forminator-field-captcha  forminator-col-12 \"><div class=\"forminator-captcha-left forminator-g-recaptcha recaptcha-invisible\" data-theme=\"light\" data-badge=\"bottomright\" data-sitekey=\"6Lc9aJUrAAAAAD_aGXPJiiRk_OQSlnmsDrZDXuvS\" data-size=\"invisible\"><\/div> <\/div><\/div><input type=\"hidden\" name=\"referer_url\" value=\"\" \/><div class=\"forminator-row forminator-row-last\"><div class=\"forminator-col\"><div class=\"forminator-field\"><button class=\"forminator-button forminator-button-submit\"><span>Enviar mensaje<\/span><span aria-hidden=\"true\"><\/span><\/button><\/div><\/div><\/div><input type=\"hidden\" id=\"forminator_nonce\" name=\"forminator_nonce\" value=\"5876c478c7\" \/><input type=\"hidden\" name=\"_wp_http_referer\" value=\"\/en\/wp-json\/wp\/v2\/pages\/4951\" \/><input type=\"hidden\" name=\"form_id\" value=\"3021\"><input type=\"hidden\" name=\"page_id\" value=\"4951\"><input type=\"hidden\" name=\"form_type\" value=\"default\"><input type=\"hidden\" name=\"current_url\" value=\"https:\/\/spainfilmcommission.com\/en\/contact\/\"><input type=\"hidden\" name=\"render_id\" value=\"0\"><input type=\"hidden\" name=\"action\" value=\"forminator_submit_form_custom-forms\"><\/form>\t\t\t\t<\/div>\n\t\t\t\t<\/div>\n\t\t\t\t\t<\/div>\n\t\t\t\t<\/div>\n\t\t<div class=\"elementor-element elementor-element-4b0b5bb e-flex e-con-boxed e-con e-parent\" data-id=\"4b0b5bb\" data-element_type=\"container\" data-e-type=\"container\" data-settings=\"{&quot;background_background&quot;:&quot;classic&quot;}\">\n\t\t\t\t\t<div class=\"e-con-inner\">\n\t\t\t\t\t<\/div>\n\t\t\t\t<\/div>\n\t\t\t\t<\/div>\n\t\t","protected":false},"excerpt":{"rendered":"<p>For any questions or doubts, you can contact the Spain Film Commission at coordinacion@spainfilmcommission.org or call +34 608 146 351. For questions related to Spain Film Commission&#8217;s communications, please write [&hellip;]<\/p>\n","protected":false},"author":1,"featured_media":0,"parent":0,"menu_order":0,"comment_status":"closed","ping_status":"closed","template":"","meta":{"footnotes":""},"class_list":["post-4951","page","type-page","status-publish","hentry"],"yoast_head":"<!-- This site is optimized with the Yoast SEO plugin v27.2 - https:\/\/yoast.com\/product\/yoast-seo-wordpress\/ -->\n<title>Contact - Spain Film Commission<\/title>\n<meta name=\"robots\" content=\"index, follow, max-snippet:-1, max-image-preview:large, max-video-preview:-1\" \/>\n<link rel=\"canonical\" href=\"https:\/\/spainfilmcommission.com\/en\/contact\/\" \/>\n<meta property=\"og:locale\" content=\"en_US\" \/>\n<meta property=\"og:type\" content=\"article\" \/>\n<meta property=\"og:title\" content=\"Contact - Spain Film Commission\" \/>\n<meta property=\"og:description\" content=\"For any questions or doubts, you can contact the Spain Film Commission at coordinacion@spainfilmcommission.org or call +34 608 146 351. For questions related to Spain Film Commission&#8217;s communications, please write [&hellip;]\" \/>\n<meta property=\"og:url\" content=\"https:\/\/spainfilmcommission.com\/en\/contact\/\" \/>\n<meta property=\"og:site_name\" content=\"Spain Film Commission\" \/>\n<meta property=\"article:modified_time\" content=\"2024-10-21T06:41:25+00:00\" \/>\n<meta property=\"og:image\" content=\"https:\/\/spainfilmcommission.com\/\/wp-content\/uploads\/2024\/09\/SPC-SECUNDARIOCLAIM_BLANCO-2.png\" \/>\n<meta name=\"twitter:card\" content=\"summary_large_image\" \/>\n<script type=\"application\/ld+json\" class=\"yoast-schema-graph\">{\"@context\":\"https:\/\/schema.org\",\"@graph\":[{\"@type\":\"WebPage\",\"@id\":\"https:\/\/spainfilmcommission.com\/en\/contact\/\",\"url\":\"https:\/\/spainfilmcommission.com\/en\/contact\/\",\"name\":\"Contact - Spain Film Commission\",\"isPartOf\":{\"@id\":\"https:\/\/spainfilmcommission.com\/en\/#website\"},\"primaryImageOfPage\":{\"@id\":\"https:\/\/spainfilmcommission.com\/en\/contact\/#primaryimage\"},\"image\":{\"@id\":\"https:\/\/spainfilmcommission.com\/en\/contact\/#primaryimage\"},\"thumbnailUrl\":\"https:\/\/spainfilmcommission.com\/\/wp-content\/uploads\/2024\/09\/SPC-SECUNDARIOCLAIM_BLANCO-2.png\",\"datePublished\":\"2024-09-12T12:22:23+00:00\",\"dateModified\":\"2024-10-21T06:41:25+00:00\",\"breadcrumb\":{\"@id\":\"https:\/\/spainfilmcommission.com\/en\/contact\/#breadcrumb\"},\"inLanguage\":\"en-US\",\"potentialAction\":[{\"@type\":\"ReadAction\",\"target\":[\"https:\/\/spainfilmcommission.com\/en\/contact\/\"]}]},{\"@type\":\"ImageObject\",\"inLanguage\":\"en-US\",\"@id\":\"https:\/\/spainfilmcommission.com\/en\/contact\/#primaryimage\",\"url\":\"https:\/\/spainfilmcommission.com\/\/wp-content\/uploads\/2024\/09\/SPC-SECUNDARIOCLAIM_BLANCO-2.png\",\"contentUrl\":\"https:\/\/spainfilmcommission.com\/\/wp-content\/uploads\/2024\/09\/SPC-SECUNDARIOCLAIM_BLANCO-2.png\"},{\"@type\":\"BreadcrumbList\",\"@id\":\"https:\/\/spainfilmcommission.com\/en\/contact\/#breadcrumb\",\"itemListElement\":[{\"@type\":\"ListItem\",\"position\":1,\"name\":\"Portada\",\"item\":\"https:\/\/spainfilmcommission.com\/en\/\"},{\"@type\":\"ListItem\",\"position\":2,\"name\":\"Contact\"}]},{\"@type\":\"WebSite\",\"@id\":\"https:\/\/spainfilmcommission.com\/en\/#website\",\"url\":\"https:\/\/spainfilmcommission.com\/en\/\",\"name\":\"Spain Film Commission\",\"description\":\"\",\"publisher\":{\"@id\":\"https:\/\/spainfilmcommission.com\/en\/#organization\"},\"potentialAction\":[{\"@type\":\"SearchAction\",\"target\":{\"@type\":\"EntryPoint\",\"urlTemplate\":\"https:\/\/spainfilmcommission.com\/en\/?s={search_term_string}\"},\"query-input\":{\"@type\":\"PropertyValueSpecification\",\"valueRequired\":true,\"valueName\":\"search_term_string\"}}],\"inLanguage\":\"en-US\"},{\"@type\":\"Organization\",\"@id\":\"https:\/\/spainfilmcommission.com\/en\/#organization\",\"name\":\"Spain Film Commission\",\"url\":\"https:\/\/spainfilmcommission.com\/en\/\",\"logo\":{\"@type\":\"ImageObject\",\"inLanguage\":\"en-US\",\"@id\":\"https:\/\/spainfilmcommission.com\/en\/#\/schema\/logo\/image\/\",\"url\":\"https:\/\/spainfilmcommission.com\/wp-content\/uploads\/2024\/07\/SPC_COLOR.png\",\"contentUrl\":\"https:\/\/spainfilmcommission.com\/wp-content\/uploads\/2024\/07\/SPC_COLOR.png\",\"width\":1665,\"height\":1665,\"caption\":\"Spain Film Commission\"},\"image\":{\"@id\":\"https:\/\/spainfilmcommission.com\/en\/#\/schema\/logo\/image\/\"}}]}<\/script>\n<!-- \/ Yoast SEO plugin. -->","yoast_head_json":{"title":"Contact - Spain Film Commission","robots":{"index":"index","follow":"follow","max-snippet":"max-snippet:-1","max-image-preview":"max-image-preview:large","max-video-preview":"max-video-preview:-1"},"canonical":"https:\/\/spainfilmcommission.com\/en\/contact\/","og_locale":"en_US","og_type":"article","og_title":"Contact - Spain Film Commission","og_description":"For any questions or doubts, you can contact the Spain Film Commission at coordinacion@spainfilmcommission.org or call +34 608 146 351. For questions related to Spain Film Commission&#8217;s communications, please write [&hellip;]","og_url":"https:\/\/spainfilmcommission.com\/en\/contact\/","og_site_name":"Spain Film Commission","article_modified_time":"2024-10-21T06:41:25+00:00","og_image":[{"url":"https:\/\/spainfilmcommission.com\/\/wp-content\/uploads\/2024\/09\/SPC-SECUNDARIOCLAIM_BLANCO-2.png","type":"","width":"","height":""}],"twitter_card":"summary_large_image","schema":{"@context":"https:\/\/schema.org","@graph":[{"@type":"WebPage","@id":"https:\/\/spainfilmcommission.com\/en\/contact\/","url":"https:\/\/spainfilmcommission.com\/en\/contact\/","name":"Contact - Spain Film Commission","isPartOf":{"@id":"https:\/\/spainfilmcommission.com\/en\/#website"},"primaryImageOfPage":{"@id":"https:\/\/spainfilmcommission.com\/en\/contact\/#primaryimage"},"image":{"@id":"https:\/\/spainfilmcommission.com\/en\/contact\/#primaryimage"},"thumbnailUrl":"https:\/\/spainfilmcommission.com\/\/wp-content\/uploads\/2024\/09\/SPC-SECUNDARIOCLAIM_BLANCO-2.png","datePublished":"2024-09-12T12:22:23+00:00","dateModified":"2024-10-21T06:41:25+00:00","breadcrumb":{"@id":"https:\/\/spainfilmcommission.com\/en\/contact\/#breadcrumb"},"inLanguage":"en-US","potentialAction":[{"@type":"ReadAction","target":["https:\/\/spainfilmcommission.com\/en\/contact\/"]}]},{"@type":"ImageObject","inLanguage":"en-US","@id":"https:\/\/spainfilmcommission.com\/en\/contact\/#primaryimage","url":"https:\/\/spainfilmcommission.com\/\/wp-content\/uploads\/2024\/09\/SPC-SECUNDARIOCLAIM_BLANCO-2.png","contentUrl":"https:\/\/spainfilmcommission.com\/\/wp-content\/uploads\/2024\/09\/SPC-SECUNDARIOCLAIM_BLANCO-2.png"},{"@type":"BreadcrumbList","@id":"https:\/\/spainfilmcommission.com\/en\/contact\/#breadcrumb","itemListElement":[{"@type":"ListItem","position":1,"name":"Portada","item":"https:\/\/spainfilmcommission.com\/en\/"},{"@type":"ListItem","position":2,"name":"Contact"}]},{"@type":"WebSite","@id":"https:\/\/spainfilmcommission.com\/en\/#website","url":"https:\/\/spainfilmcommission.com\/en\/","name":"Spain Film Commission","description":"","publisher":{"@id":"https:\/\/spainfilmcommission.com\/en\/#organization"},"potentialAction":[{"@type":"SearchAction","target":{"@type":"EntryPoint","urlTemplate":"https:\/\/spainfilmcommission.com\/en\/?s={search_term_string}"},"query-input":{"@type":"PropertyValueSpecification","valueRequired":true,"valueName":"search_term_string"}}],"inLanguage":"en-US"},{"@type":"Organization","@id":"https:\/\/spainfilmcommission.com\/en\/#organization","name":"Spain Film Commission","url":"https:\/\/spainfilmcommission.com\/en\/","logo":{"@type":"ImageObject","inLanguage":"en-US","@id":"https:\/\/spainfilmcommission.com\/en\/#\/schema\/logo\/image\/","url":"https:\/\/spainfilmcommission.com\/wp-content\/uploads\/2024\/07\/SPC_COLOR.png","contentUrl":"https:\/\/spainfilmcommission.com\/wp-content\/uploads\/2024\/07\/SPC_COLOR.png","width":1665,"height":1665,"caption":"Spain Film Commission"},"image":{"@id":"https:\/\/spainfilmcommission.com\/en\/#\/schema\/logo\/image\/"}}]}},"_links":{"self":[{"href":"https:\/\/spainfilmcommission.com\/en\/wp-json\/wp\/v2\/pages\/4951","targetHints":{"allow":["GET"]}}],"collection":[{"href":"https:\/\/spainfilmcommission.com\/en\/wp-json\/wp\/v2\/pages"}],"about":[{"href":"https:\/\/spainfilmcommission.com\/en\/wp-json\/wp\/v2\/types\/page"}],"author":[{"embeddable":true,"href":"https:\/\/spainfilmcommission.com\/en\/wp-json\/wp\/v2\/users\/1"}],"replies":[{"embeddable":true,"href":"https:\/\/spainfilmcommission.com\/en\/wp-json\/wp\/v2\/comments?post=4951"}],"version-history":[{"count":0,"href":"https:\/\/spainfilmcommission.com\/en\/wp-json\/wp\/v2\/pages\/4951\/revisions"}],"wp:attachment":[{"href":"https:\/\/spainfilmcommission.com\/en\/wp-json\/wp\/v2\/media?parent=4951"}],"curies":[{"name":"wp","href":"https:\/\/api.w.org\/{rel}","templated":true}]}}